{"id":106,"date":"2026-02-04T10:49:48","date_gmt":"2026-02-04T09:49:48","guid":{"rendered":"https:\/\/ecuriesdupommele.fr\/?page_id=106"},"modified":"2026-02-04T15:02:34","modified_gmt":"2026-02-04T14:02:34","slug":"lequipe","status":"publish","type":"page","link":"https:\/\/ecuriesdupommele.fr\/index.php\/lequipe\/","title":{"rendered":"L&rsquo;\u00e9quipe"},"content":{"rendered":"\n<p class=\"has-text-align-center\">Deux monitrices passionn\u00e9es et investies, au service des cavaliers et de leurs chevaux.<\/p>\n\n\n\n<div class=\"wp-block-cover aligncenter\"><img loading=\"lazy\" decoding=\"async\" width=\"1024\" height=\"473\" class=\"wp-block-cover__image-background wp-image-108\" alt=\"\" src=\"https:\/\/ecuriesdupommele.fr\/wp-content\/uploads\/2026\/02\/IMG_5143-1024x473.png\" data-object-fit=\"cover\" srcset=\"https:\/\/ecuriesdupommele.fr\/wp-content\/uploads\/2026\/02\/IMG_5143-1024x473.png 1024w, https:\/\/ecuriesdupommele.fr\/wp-content\/uploads\/2026\/02\/IMG_5143-300x139.png 300w, https:\/\/ecuriesdupommele.fr\/wp-content\/uploads\/2026\/02\/IMG_5143-768x355.png 768w, https:\/\/ecuriesdupommele.fr\/wp-content\/uploads\/2026\/02\/IMG_5143-1536x710.png 1536w, https:\/\/ecuriesdupommele.fr\/wp-content\/uploads\/2026\/02\/IMG_5143-2048x947.png 2048w, https:\/\/ecuriesdupommele.fr\/wp-content\/uploads\/2026\/02\/IMG_5143-1568x725.png 1568w\" sizes=\"auto, (max-width: 1024px) 100vw, 1024px\" \/><span aria-hidden=\"true\" class=\"wp-block-cover__background has-background-dim\"><\/span><div class=\"wp-block-cover__inner-container is-layout-flow wp-block-cover-is-layout-flow\">\n<p class=\"has-text-align-center has-large-font-size\">\u00ab\u00a0<em>P\u00e9dagogues et investies, nous accompagnons chaque couple cavalier\/cheval avec attention, dans le respect de leurs objectifs et de leur \u00e9volution. Du loisir \u00e0 la comp\u00e9tition, nous mettons notre exp\u00e9rience et notre engagement au service d&rsquo;une \u00e9quitation fond\u00e9e sur la confiance, la progression et le bien-\u00eatre du cheval.<\/em>\u00ab\u00a0<\/p>\n<\/div><\/div>\n\n\n\n<p class=\"has-text-align-center\"><strong><em>D\u00e9couvrez nous !<\/em><\/strong><\/p>\n\n\n\n<figure class=\"wp-block-table\"><table class=\"has-fixed-layout\"><tbody><tr><td class=\"has-text-align-center\" data-align=\"center\"><a href=\"https:\/\/ecuriesdupommele.fr\/index.php\/gerante-enseignante-cavaliere\/\" data-type=\"page\" data-id=\"118\"><strong><em>Chlo\u00e9<\/em><\/strong><\/a><\/td><td class=\"has-text-align-center\" data-align=\"center\"><a href=\"https:\/\/ecuriesdupommele.fr\/index.php\/enseignante-cavaliere\/\"><strong><em>Alicia<\/em><\/strong><\/a><\/td><\/tr><\/tbody><\/table><\/figure>\n\n\n\n<p><\/p>\n","protected":false},"excerpt":{"rendered":"<p>Deux monitrices passionn\u00e9es et investies, au service des cavaliers et de leurs chevaux. D\u00e9couvrez nous ! Chlo\u00e9 Alicia<\/p>\n","protected":false},"author":2,"featured_media":0,"parent":0,"menu_order":0,"comment_status":"closed","ping_status":"closed","template":"","meta":{"footnotes":""},"class_list":["post-106","page","type-page","status-publish","hentry","entry"],"_links":{"self":[{"href":"https:\/\/ecuriesdupommele.fr\/index.php\/wp-json\/wp\/v2\/pages\/106","targetHints":{"allow":["GET"]}}],"collection":[{"href":"https:\/\/ecuriesdupommele.fr\/index.php\/wp-json\/wp\/v2\/pages"}],"about":[{"href":"https:\/\/ecuriesdupommele.fr\/index.php\/wp-json\/wp\/v2\/types\/page"}],"author":[{"embeddable":true,"href":"https:\/\/ecuriesdupommele.fr\/index.php\/wp-json\/wp\/v2\/users\/2"}],"replies":[{"embeddable":true,"href":"https:\/\/ecuriesdupommele.fr\/index.php\/wp-json\/wp\/v2\/comments?post=106"}],"version-history":[{"count":7,"href":"https:\/\/ecuriesdupommele.fr\/index.php\/wp-json\/wp\/v2\/pages\/106\/revisions"}],"predecessor-version":[{"id":140,"href":"https:\/\/ecuriesdupommele.fr\/index.php\/wp-json\/wp\/v2\/pages\/106\/revisions\/140"}],"wp:attachment":[{"href":"https:\/\/ecuriesdupommele.fr\/index.php\/wp-json\/wp\/v2\/media?parent=106"}],"curies":[{"name":"wp","href":"https:\/\/api.w.org\/{rel}","templated":true}]}}