{"id":113,"date":"2026-02-04T11:29:39","date_gmt":"2026-02-04T10:29:39","guid":{"rendered":"https:\/\/ecuriesdupommele.fr\/?page_id=113"},"modified":"2026-02-04T11:29:39","modified_gmt":"2026-02-04T10:29:39","slug":"lecurie","status":"publish","type":"page","link":"https:\/\/ecuriesdupommele.fr\/index.php\/lecurie\/","title":{"rendered":"L&rsquo;\u00e9curie"},"content":{"rendered":"\n<div class=\"wp-block-cover\"><img loading=\"lazy\" decoding=\"async\" width=\"783\" height=\"1024\" class=\"wp-block-cover__image-background wp-image-114\" alt=\"\" src=\"https:\/\/ecuriesdupommele.fr\/wp-content\/uploads\/2026\/02\/IMG_5746-1-783x1024.jpg\" data-object-fit=\"cover\" srcset=\"https:\/\/ecuriesdupommele.fr\/wp-content\/uploads\/2026\/02\/IMG_5746-1-783x1024.jpg 783w, https:\/\/ecuriesdupommele.fr\/wp-content\/uploads\/2026\/02\/IMG_5746-1-229x300.jpg 229w, https:\/\/ecuriesdupommele.fr\/wp-content\/uploads\/2026\/02\/IMG_5746-1-768x1005.jpg 768w, https:\/\/ecuriesdupommele.fr\/wp-content\/uploads\/2026\/02\/IMG_5746-1-1174x1536.jpg 1174w, https:\/\/ecuriesdupommele.fr\/wp-content\/uploads\/2026\/02\/IMG_5746-1.jpg 1284w\" sizes=\"auto, (max-width: 783px) 100vw, 783px\" \/><span aria-hidden=\"true\" class=\"wp-block-cover__background has-background-dim\"><\/span><div class=\"wp-block-cover__inner-container is-layout-flow wp-block-cover-is-layout-flow\">\n<p class=\"has-text-align-center has-large-font-size\"><em>Situ\u00e9e \u00e0 Valpuiseaux (91), notre \u00e9curie propose des pensions pr\u00e9 \u00e0 l&rsquo;ann\u00e9e ainsi que des pensions box\/paddock, plusieurs formules adapt\u00e9es aux besoins du cheval et du cavalier. Un cadre paisible et fonctionnel, adapt\u00e9 \u00e0 une pratique aussi bien de loisir que sportive.<\/em><\/p>\n<\/div><\/div>\n\n\n\n<p class=\"has-text-align-center\"><strong>Une carri\u00e8re entretenue r\u00e9guli\u00e8rement ainsi qu&rsquo;un rond de longe vous permettrons d&rsquo;\u00e9voluer en toute s\u00e9curit\u00e9. Le plus? Un acc\u00e8s direct aux chemins de balade!<\/strong><\/p>\n\n\n\n<div class=\"wp-block-cover\"><img loading=\"lazy\" decoding=\"async\" width=\"776\" height=\"1024\" class=\"wp-block-cover__image-background wp-image-115\" alt=\"\" src=\"https:\/\/ecuriesdupommele.fr\/wp-content\/uploads\/2026\/02\/IMG_5743-776x1024.jpg\" data-object-fit=\"cover\" srcset=\"https:\/\/ecuriesdupommele.fr\/wp-content\/uploads\/2026\/02\/IMG_5743-776x1024.jpg 776w, https:\/\/ecuriesdupommele.fr\/wp-content\/uploads\/2026\/02\/IMG_5743-227x300.jpg 227w, https:\/\/ecuriesdupommele.fr\/wp-content\/uploads\/2026\/02\/IMG_5743-768x1013.jpg 768w, https:\/\/ecuriesdupommele.fr\/wp-content\/uploads\/2026\/02\/IMG_5743-1164x1536.jpg 1164w, https:\/\/ecuriesdupommele.fr\/wp-content\/uploads\/2026\/02\/IMG_5743.jpg 1284w\" sizes=\"auto, (max-width: 776px) 100vw, 776px\" \/><span aria-hidden=\"true\" class=\"wp-block-cover__background has-background-dim\"><\/span><div class=\"wp-block-cover__inner-container is-layout-flow wp-block-cover-is-layout-flow\">\n<p><em>Dans une ambiance familiale et conviviale, nous mettons un point d&rsquo;honneur \u00e0 assurer un suivi s\u00e9rieux, respectueux et personnalis\u00e9 de chaque cheval.<\/em><\/p>\n<\/div><\/div>\n\n\n\n<p>En savoir plus !<\/p>\n\n\n\n<p><\/p>\n","protected":false},"excerpt":{"rendered":"<p>Une carri\u00e8re entretenue r\u00e9guli\u00e8rement ainsi qu&rsquo;un rond de longe vous permettrons d&rsquo;\u00e9voluer en toute s\u00e9curit\u00e9. Le plus? Un acc\u00e8s direct aux chemins de balade! En savoir plus !<\/p>\n","protected":false},"author":2,"featured_media":0,"parent":0,"menu_order":0,"comment_status":"closed","ping_status":"closed","template":"","meta":{"footnotes":""},"class_list":["post-113","page","type-page","status-publish","hentry","entry"],"_links":{"self":[{"href":"https:\/\/ecuriesdupommele.fr\/index.php\/wp-json\/wp\/v2\/pages\/113","targetHints":{"allow":["GET"]}}],"collection":[{"href":"https:\/\/ecuriesdupommele.fr\/index.php\/wp-json\/wp\/v2\/pages"}],"about":[{"href":"https:\/\/ecuriesdupommele.fr\/index.php\/wp-json\/wp\/v2\/types\/page"}],"author":[{"embeddable":true,"href":"https:\/\/ecuriesdupommele.fr\/index.php\/wp-json\/wp\/v2\/users\/2"}],"replies":[{"embeddable":true,"href":"https:\/\/ecuriesdupommele.fr\/index.php\/wp-json\/wp\/v2\/comments?post=113"}],"version-history":[{"count":1,"href":"https:\/\/ecuriesdupommele.fr\/index.php\/wp-json\/wp\/v2\/pages\/113\/revisions"}],"predecessor-version":[{"id":116,"href":"https:\/\/ecuriesdupommele.fr\/index.php\/wp-json\/wp\/v2\/pages\/113\/revisions\/116"}],"wp:attachment":[{"href":"https:\/\/ecuriesdupommele.fr\/index.php\/wp-json\/wp\/v2\/media?parent=113"}],"curies":[{"name":"wp","href":"https:\/\/api.w.org\/{rel}","templated":true}]}}