{"id":118,"date":"2026-02-04T11:57:02","date_gmt":"2026-02-04T10:57:02","guid":{"rendered":"https:\/\/ecuriesdupommele.fr\/?page_id=118"},"modified":"2026-02-04T11:57:02","modified_gmt":"2026-02-04T10:57:02","slug":"gerante-enseignante-cavaliere","status":"publish","type":"page","link":"https:\/\/ecuriesdupommele.fr\/index.php\/gerante-enseignante-cavaliere\/","title":{"rendered":"G\u00e9rante  Enseignante  Cavali\u00e8re"},"content":{"rendered":"\n<div class=\"wp-block-cover\"><img loading=\"lazy\" decoding=\"async\" width=\"683\" height=\"1024\" class=\"wp-block-cover__image-background wp-image-119\" alt=\"\" src=\"https:\/\/ecuriesdupommele.fr\/wp-content\/uploads\/2026\/02\/IMG_7378-683x1024.jpg\" data-object-fit=\"cover\" srcset=\"https:\/\/ecuriesdupommele.fr\/wp-content\/uploads\/2026\/02\/IMG_7378-683x1024.jpg 683w, https:\/\/ecuriesdupommele.fr\/wp-content\/uploads\/2026\/02\/IMG_7378-200x300.jpg 200w, https:\/\/ecuriesdupommele.fr\/wp-content\/uploads\/2026\/02\/IMG_7378-768x1152.jpg 768w, https:\/\/ecuriesdupommele.fr\/wp-content\/uploads\/2026\/02\/IMG_7378-1024x1536.jpg 1024w, https:\/\/ecuriesdupommele.fr\/wp-content\/uploads\/2026\/02\/IMG_7378-1365x2048.jpg 1365w, https:\/\/ecuriesdupommele.fr\/wp-content\/uploads\/2026\/02\/IMG_7378-1568x2352.jpg 1568w, https:\/\/ecuriesdupommele.fr\/wp-content\/uploads\/2026\/02\/IMG_7378-scaled.jpg 1707w\" sizes=\"auto, (max-width: 683px) 100vw, 683px\" \/><span aria-hidden=\"true\" class=\"wp-block-cover__background has-background-dim\"><\/span><div class=\"wp-block-cover__inner-container is-layout-flow wp-block-cover-is-layout-flow\">\n<p class=\"has-text-align-center has-large-font-size\"><em>G\u00e9rante de l&rsquo;\u00e9curie et monitrice dipl\u00f4m\u00e9e, cavali\u00e8re passionn\u00e9e depuis toujours, forte d&rsquo;une solide exp\u00e9rience, je mets mon savoir-faire et mon \u00e9nergie au service de chaque cavalier et de son cheval, dans le respect et le bien-\u00eatre de tous.<\/em><\/p>\n<\/div><\/div>\n\n\n\n<div class=\"wp-block-cover\" style=\"min-height:100vh;aspect-ratio:unset;\"><img loading=\"lazy\" decoding=\"async\" width=\"768\" height=\"1024\" class=\"wp-block-cover__image-background wp-image-120\" alt=\"\" src=\"https:\/\/ecuriesdupommele.fr\/wp-content\/uploads\/2026\/02\/5a63fa9c-3904-4e5a-b89b-ae75fa5af171-768x1024.jpg\" data-object-fit=\"cover\" srcset=\"https:\/\/ecuriesdupommele.fr\/wp-content\/uploads\/2026\/02\/5a63fa9c-3904-4e5a-b89b-ae75fa5af171-768x1024.jpg 768w, https:\/\/ecuriesdupommele.fr\/wp-content\/uploads\/2026\/02\/5a63fa9c-3904-4e5a-b89b-ae75fa5af171-225x300.jpg 225w, https:\/\/ecuriesdupommele.fr\/wp-content\/uploads\/2026\/02\/5a63fa9c-3904-4e5a-b89b-ae75fa5af171-1152x1536.jpg 1152w, https:\/\/ecuriesdupommele.fr\/wp-content\/uploads\/2026\/02\/5a63fa9c-3904-4e5a-b89b-ae75fa5af171.jpg 1500w\" sizes=\"auto, (max-width: 768px) 100vw, 768px\" \/><span aria-hidden=\"true\" class=\"wp-block-cover__background has-background-dim\"><\/span><div class=\"wp-block-cover__inner-container is-layout-flow wp-block-cover-is-layout-flow\">\n<p class=\"has-text-align-center has-large-font-size\"><em>Passionn\u00e9e par l&rsquo;enseignement et la progression, j&rsquo;accompagne chevaux et cavaliers, du travail quotidien au coaching concours, vers leurs objectifs!<\/em><\/p>\n<\/div><\/div>\n\n\n\n<div class=\"wp-block-cover\"><img loading=\"lazy\" decoding=\"async\" width=\"1024\" height=\"683\" class=\"wp-block-cover__image-background wp-image-121\" alt=\"\" src=\"https:\/\/ecuriesdupommele.fr\/wp-content\/uploads\/2026\/02\/46352869-B4EA-4889-8DD6-9BF9B1FC5C8C-1024x683.jpg\" data-object-fit=\"cover\" srcset=\"https:\/\/ecuriesdupommele.fr\/wp-content\/uploads\/2026\/02\/46352869-B4EA-4889-8DD6-9BF9B1FC5C8C-1024x683.jpg 1024w, https:\/\/ecuriesdupommele.fr\/wp-content\/uploads\/2026\/02\/46352869-B4EA-4889-8DD6-9BF9B1FC5C8C-300x200.jpg 300w, https:\/\/ecuriesdupommele.fr\/wp-content\/uploads\/2026\/02\/46352869-B4EA-4889-8DD6-9BF9B1FC5C8C-768x512.jpg 768w, https:\/\/ecuriesdupommele.fr\/wp-content\/uploads\/2026\/02\/46352869-B4EA-4889-8DD6-9BF9B1FC5C8C.jpg 1440w\" sizes=\"auto, (max-width: 1024px) 100vw, 1024px\" \/><span aria-hidden=\"true\" class=\"wp-block-cover__background has-background-dim\"><\/span><div class=\"wp-block-cover__inner-container is-layout-flow wp-block-cover-is-layout-flow\">\n<p class=\"has-text-align-center has-large-font-size\"><em>Attentive, patiente et bienveillante, je m&rsquo;adapte \u00e0 chacun pour permettre progr\u00e8s, confiance et s\u00e9r\u00e9nit\u00e9.<\/em><\/p>\n<\/div><\/div>\n","protected":false},"excerpt":{"rendered":"","protected":false},"author":2,"featured_media":0,"parent":0,"menu_order":0,"comment_status":"closed","ping_status":"closed","template":"","meta":{"footnotes":""},"class_list":["post-118","page","type-page","status-publish","hentry","entry"],"_links":{"self":[{"href":"https:\/\/ecuriesdupommele.fr\/index.php\/wp-json\/wp\/v2\/pages\/118","targetHints":{"allow":["GET"]}}],"collection":[{"href":"https:\/\/ecuriesdupommele.fr\/index.php\/wp-json\/wp\/v2\/pages"}],"about":[{"href":"https:\/\/ecuriesdupommele.fr\/index.php\/wp-json\/wp\/v2\/types\/page"}],"author":[{"embeddable":true,"href":"https:\/\/ecuriesdupommele.fr\/index.php\/wp-json\/wp\/v2\/users\/2"}],"replies":[{"embeddable":true,"href":"https:\/\/ecuriesdupommele.fr\/index.php\/wp-json\/wp\/v2\/comments?post=118"}],"version-history":[{"count":1,"href":"https:\/\/ecuriesdupommele.fr\/index.php\/wp-json\/wp\/v2\/pages\/118\/revisions"}],"predecessor-version":[{"id":122,"href":"https:\/\/ecuriesdupommele.fr\/index.php\/wp-json\/wp\/v2\/pages\/118\/revisions\/122"}],"wp:attachment":[{"href":"https:\/\/ecuriesdupommele.fr\/index.php\/wp-json\/wp\/v2\/media?parent=118"}],"curies":[{"name":"wp","href":"https:\/\/api.w.org\/{rel}","templated":true}]}}