{"id":124,"date":"2026-02-04T12:14:30","date_gmt":"2026-02-04T11:14:30","guid":{"rendered":"https:\/\/ecuriesdupommele.fr\/?page_id=124"},"modified":"2026-02-04T12:14:30","modified_gmt":"2026-02-04T11:14:30","slug":"enseignante-cavaliere","status":"publish","type":"page","link":"https:\/\/ecuriesdupommele.fr\/index.php\/enseignante-cavaliere\/","title":{"rendered":"Enseignante Cavali\u00e8re"},"content":{"rendered":"\n<div class=\"wp-block-cover\"><img loading=\"lazy\" decoding=\"async\" width=\"1024\" height=\"675\" class=\"wp-block-cover__image-background wp-image-126\" alt=\"\" src=\"https:\/\/ecuriesdupommele.fr\/wp-content\/uploads\/2026\/02\/IMG_5544-1024x675.jpg\" data-object-fit=\"cover\" srcset=\"https:\/\/ecuriesdupommele.fr\/wp-content\/uploads\/2026\/02\/IMG_5544-1024x675.jpg 1024w, https:\/\/ecuriesdupommele.fr\/wp-content\/uploads\/2026\/02\/IMG_5544-300x198.jpg 300w, https:\/\/ecuriesdupommele.fr\/wp-content\/uploads\/2026\/02\/IMG_5544-768x506.jpg 768w, https:\/\/ecuriesdupommele.fr\/wp-content\/uploads\/2026\/02\/IMG_5544.jpg 1284w\" sizes=\"auto, (max-width: 1024px) 100vw, 1024px\" \/><span aria-hidden=\"true\" class=\"wp-block-cover__background has-background-dim\"><\/span><div class=\"wp-block-cover__inner-container is-layout-flow wp-block-cover-is-layout-flow\">\n<p class=\"has-text-align-center has-large-font-size\"><em>Monitrice et cavali\u00e8re d\u00e9vou\u00e9e, sp\u00e9cialis\u00e9e dans la p\u00e9dagogie ludique et le suivi des chevaux ainsi qu&rsquo;au bon fonctionnement du club.<\/em><\/p>\n<\/div><\/div>\n\n\n\n<div class=\"wp-block-cover\"><img loading=\"lazy\" decoding=\"async\" width=\"1024\" height=\"730\" class=\"wp-block-cover__image-background wp-image-129\" alt=\"\" src=\"https:\/\/ecuriesdupommele.fr\/wp-content\/uploads\/2026\/02\/IMG_4478-1024x730.jpg\" data-object-fit=\"cover\" srcset=\"https:\/\/ecuriesdupommele.fr\/wp-content\/uploads\/2026\/02\/IMG_4478-1024x730.jpg 1024w, https:\/\/ecuriesdupommele.fr\/wp-content\/uploads\/2026\/02\/IMG_4478-300x214.jpg 300w, https:\/\/ecuriesdupommele.fr\/wp-content\/uploads\/2026\/02\/IMG_4478-768x547.jpg 768w, https:\/\/ecuriesdupommele.fr\/wp-content\/uploads\/2026\/02\/IMG_4478.jpg 1155w\" sizes=\"auto, (max-width: 1024px) 100vw, 1024px\" \/><span aria-hidden=\"true\" class=\"wp-block-cover__background has-background-dim\"><\/span><div class=\"wp-block-cover__inner-container is-layout-flow wp-block-cover-is-layout-flow\">\n<p class=\"has-text-align-center has-large-font-size\"><em>Investie au quotidien, dans le travail des chevaux, assure les cours du Baby poney au plus confirm\u00e9, Alicia accompagne les cavaliers dans leur apprentissage, leur progression et leur plaisir \u00e0 monter.<\/em><\/p>\n<\/div><\/div>\n\n\n\n<p><\/p>\n","protected":false},"excerpt":{"rendered":"","protected":false},"author":2,"featured_media":0,"parent":0,"menu_order":0,"comment_status":"closed","ping_status":"closed","template":"","meta":{"footnotes":""},"class_list":["post-124","page","type-page","status-publish","hentry","entry"],"_links":{"self":[{"href":"https:\/\/ecuriesdupommele.fr\/index.php\/wp-json\/wp\/v2\/pages\/124","targetHints":{"allow":["GET"]}}],"collection":[{"href":"https:\/\/ecuriesdupommele.fr\/index.php\/wp-json\/wp\/v2\/pages"}],"about":[{"href":"https:\/\/ecuriesdupommele.fr\/index.php\/wp-json\/wp\/v2\/types\/page"}],"author":[{"embeddable":true,"href":"https:\/\/ecuriesdupommele.fr\/index.php\/wp-json\/wp\/v2\/users\/2"}],"replies":[{"embeddable":true,"href":"https:\/\/ecuriesdupommele.fr\/index.php\/wp-json\/wp\/v2\/comments?post=124"}],"version-history":[{"count":1,"href":"https:\/\/ecuriesdupommele.fr\/index.php\/wp-json\/wp\/v2\/pages\/124\/revisions"}],"predecessor-version":[{"id":130,"href":"https:\/\/ecuriesdupommele.fr\/index.php\/wp-json\/wp\/v2\/pages\/124\/revisions\/130"}],"wp:attachment":[{"href":"https:\/\/ecuriesdupommele.fr\/index.php\/wp-json\/wp\/v2\/media?parent=124"}],"curies":[{"name":"wp","href":"https:\/\/api.w.org\/{rel}","templated":true}]}}